{"id":112,"date":"2024-04-07T20:16:00","date_gmt":"2024-04-07T19:16:00","guid":{"rendered":"https:\/\/sandbox.rotky.net\/?page_id=112"},"modified":"2025-03-14T19:23:53","modified_gmt":"2025-03-14T18:23:53","slug":"elerhetosegek","status":"publish","type":"page","link":"https:\/\/sandbox.rotky.net\/?page_id=112","title":{"rendered":"El\u00e9rhet\u0151s\u00e9gek"},"content":{"rendered":"\t\t<div data-elementor-type=\"wp-page\" data-elementor-id=\"112\" class=\"elementor elementor-112\" data-elementor-settings=\"[]\">\n\t\t\t\t\t\t<div class=\"elementor-inner\">\n\t\t\t\t\t\t\t<div class=\"elementor-section-wrap\">\n\t\t\t\t\t\t\t<section class=\"elementor-section elementor-top-section elementor-element elementor-element-4b9cce6 elementor-section-boxed elementor-section-height-default elementor-section-height-default\" data-id=\"4b9cce6\" data-element_type=\"section\">\n\t\t\t\t\t\t<div class=\"elementor-container elementor-column-gap-default\">\n\t\t\t\t\t\t\t<div class=\"elementor-row\">\n\t\t\t\t\t<div class=\"elementor-column elementor-col-50 elementor-top-column elementor-element elementor-element-aaaa983\" data-id=\"aaaa983\" data-element_type=\"column\">\n\t\t\t<div class=\"elementor-column-wrap elementor-element-populated\">\n\t\t\t\t\t\t\t<div class=\"elementor-widget-wrap\">\n\t\t\t\t\t\t<div class=\"elementor-element elementor-element-1957a7f elementor-widget elementor-widget-google_maps\" data-id=\"1957a7f\" data-element_type=\"widget\" data-widget_type=\"google_maps.default\">\n\t\t\t\t<div class=\"elementor-widget-container\">\n\t\t\t<div class=\"elementor-custom-embed\"><iframe frameborder=\"0\" scrolling=\"no\" marginheight=\"0\" marginwidth=\"0\" src=\"https:\/\/maps.google.com\/maps?q=2310%20Szigetszentmikl%C3%B3s%20R%C3%A1k%C3%B3czi%20u.%2063%20Napsug%C3%A1rnapk%C3%B6zi&amp;t=m&amp;z=16&amp;output=embed&amp;iwloc=near\" title=\"2310 Szigetszentmikl\u00f3s R\u00e1k\u00f3czi u. 63 Napsug\u00e1rnapk\u00f6zi\" aria-label=\"2310 Szigetszentmikl\u00f3s R\u00e1k\u00f3czi u. 63 Napsug\u00e1rnapk\u00f6zi\"><\/iframe><\/div>\t\t<\/div>\n\t\t\t\t<\/div>\n\t\t\t\t\t\t<\/div>\n\t\t\t\t\t<\/div>\n\t\t<\/div>\n\t\t\t\t<div class=\"elementor-column elementor-col-50 elementor-top-column elementor-element elementor-element-4e2e475\" data-id=\"4e2e475\" data-element_type=\"column\">\n\t\t\t<div class=\"elementor-column-wrap elementor-element-populated\">\n\t\t\t\t\t\t\t<div class=\"elementor-widget-wrap\">\n\t\t\t\t\t\t<div class=\"elementor-element elementor-element-fc54535 elementor-widget elementor-widget-text-editor\" data-id=\"fc54535\" data-element_type=\"widget\" data-widget_type=\"text-editor.default\">\n\t\t\t\t<div class=\"elementor-widget-container\">\n\t\t\t\t\t<div class=\"elementor-text-editor elementor-clearfix\"><p>C\u00edm: 2310 Szigetszentmikl\u00f3s R\u00e1k\u00f3czi u. 63.<\/p><p>Holczern\u00e9 Burgetti M\u00f3nika<br \/>e-mail:\u00a0<a href=\"mailto:info@napsugarnapkozi.hu\">info@napsugarnapkozi.hu<\/a><br \/>tel.: +36-20-4248226<\/p><\/div>\n\t\t\t\t<\/div>\n\t\t\t\t<\/div>\n\t\t\t\t\t\t<\/div>\n\t\t\t\t\t<\/div>\n\t\t<\/div>\n\t\t\t\t\t\t\t\t<\/div>\n\t\t\t\t\t<\/div>\n\t\t<\/section>\n\t\t\t\t\t\t<\/div>\n\t\t\t\t\t\t<\/div>\n\t\t\t\t\t<\/div>\n\t\t","protected":false},"excerpt":{"rendered":"<p>C\u00edm: 2310 Szigetszentmikl\u00f3s R\u00e1k\u00f3czi u. 63. Holczern\u00e9 Burgetti M\u00f3nikae-mail:\u00a0info@napsugarnapkozi.hutel.: +36-20-4248226<\/p>\n","protected":false},"author":1,"featured_media":0,"parent":0,"menu_order":0,"comment_status":"closed","ping_status":"closed","template":"","meta":{"footnotes":""},"class_list":["post-112","page","type-page","status-publish","hentry"],"yoast_head":"<!-- This site is optimized with the Yoast SEO plugin v15.1.1 - https:\/\/yoast.com\/wordpress\/plugins\/seo\/ -->\n<title>El\u00e9rhet\u0151s\u00e9gek - Napsug\u00e1r napk\u00f6zi<\/title>\n<meta name=\"robots\" content=\"index, follow, max-snippet:-1, max-image-preview:large, max-video-preview:-1\" \/>\n<link rel=\"canonical\" href=\"https:\/\/sandbox.rotky.net\/?page_id=112\" \/>\n<meta property=\"og:locale\" content=\"hu_HU\" \/>\n<meta property=\"og:type\" content=\"article\" \/>\n<meta property=\"og:title\" content=\"El\u00e9rhet\u0151s\u00e9gek - Napsug\u00e1r napk\u00f6zi\" \/>\n<meta property=\"og:description\" content=\"C\u00edm: 2310 Szigetszentmikl\u00f3s R\u00e1k\u00f3czi u. 63. Holczern\u00e9 Burgetti M\u00f3nikae-mail:\u00a0info@napsugarnapkozi.hutel.: +36-20-4248226\" \/>\n<meta property=\"og:url\" content=\"https:\/\/sandbox.rotky.net\/?page_id=112\" \/>\n<meta property=\"og:site_name\" content=\"Napsug\u00e1r napk\u00f6zi\" \/>\n<meta property=\"article:modified_time\" content=\"2025-03-14T18:23:53+00:00\" \/>\n<meta name=\"twitter:card\" content=\"summary_large_image\" \/>\n<script type=\"application\/ld+json\" class=\"yoast-schema-graph\">{\"@context\":\"https:\/\/schema.org\",\"@graph\":[{\"@type\":\"WebSite\",\"@id\":\"https:\/\/sandbox.rotky.net\/#website\",\"url\":\"https:\/\/sandbox.rotky.net\/\",\"name\":\"Napsug\\u00e1r napk\\u00f6zi\",\"description\":\"Napsug\\u00e1r napk\\u00f6zi\",\"potentialAction\":[{\"@type\":\"SearchAction\",\"target\":\"https:\/\/sandbox.rotky.net\/?s={search_term_string}\",\"query-input\":\"required name=search_term_string\"}],\"inLanguage\":\"hu\"},{\"@type\":\"WebPage\",\"@id\":\"https:\/\/sandbox.rotky.net\/?page_id=112#webpage\",\"url\":\"https:\/\/sandbox.rotky.net\/?page_id=112\",\"name\":\"El\\u00e9rhet\\u0151s\\u00e9gek - Napsug\\u00e1r napk\\u00f6zi\",\"isPartOf\":{\"@id\":\"https:\/\/sandbox.rotky.net\/#website\"},\"datePublished\":\"2024-04-07T19:16:00+00:00\",\"dateModified\":\"2025-03-14T18:23:53+00:00\",\"inLanguage\":\"hu\",\"potentialAction\":[{\"@type\":\"ReadAction\",\"target\":[\"https:\/\/sandbox.rotky.net\/?page_id=112\"]}]}]}<\/script>\n<!-- \/ Yoast SEO plugin. -->","_links":{"self":[{"href":"https:\/\/sandbox.rotky.net\/index.php?rest_route=\/wp\/v2\/pages\/112","targetHints":{"allow":["GET"]}}],"collection":[{"href":"https:\/\/sandbox.rotky.net\/index.php?rest_route=\/wp\/v2\/pages"}],"about":[{"href":"https:\/\/sandbox.rotky.net\/index.php?rest_route=\/wp\/v2\/types\/page"}],"author":[{"embeddable":true,"href":"https:\/\/sandbox.rotky.net\/index.php?rest_route=\/wp\/v2\/users\/1"}],"replies":[{"embeddable":true,"href":"https:\/\/sandbox.rotky.net\/index.php?rest_route=%2Fwp%2Fv2%2Fcomments&post=112"}],"version-history":[{"count":8,"href":"https:\/\/sandbox.rotky.net\/index.php?rest_route=\/wp\/v2\/pages\/112\/revisions"}],"predecessor-version":[{"id":369,"href":"https:\/\/sandbox.rotky.net\/index.php?rest_route=\/wp\/v2\/pages\/112\/revisions\/369"}],"wp:attachment":[{"href":"https:\/\/sandbox.rotky.net\/index.php?rest_route=%2Fwp%2Fv2%2Fmedia&parent=112"}],"curies":[{"name":"wp","href":"https:\/\/api.w.org\/{rel}","templated":true}]}}